{"id":222,"date":"2016-02-25T12:12:26","date_gmt":"2016-02-25T12:12:26","guid":{"rendered":"http:\/\/www.intelsoft.ch\/?page_id=222"},"modified":"2025-12-17T15:29:48","modified_gmt":"2025-12-17T14:29:48","slug":"mobile-computing","status":"publish","type":"page","link":"https:\/\/tremp.info\/?page_id=222","title":{"rendered":"Softwarearchitektur"},"content":{"rendered":"\n<h2 class=\"wp-block-heading\">Lehrbuch \u00abArchitekturen verteilter Softwaresysteme\u00bb<\/h2>\n\n\n\n<p>2., erweiterte Auflage<\/p>\n\n\n\n<p>SOA, EDA &amp; Microservices<br \/>Mehrschichtenarchitekturen<br \/>Anwendungsintegration<\/p>\n\n\n\n<figure class=\"wp-block-image size-large is-resized\"><a href=\"https:\/\/tremp.info\/wp-content\/uploads\/2024\/09\/Cover-2.-Auflage.png\"><img loading=\"lazy\" decoding=\"async\" width=\"717\" height=\"1024\" src=\"https:\/\/tremp.info\/wp-content\/uploads\/2024\/09\/Cover-2.-Auflage-717x1024.png\" alt=\"\" class=\"wp-image-959\" style=\"width:433px;height:auto\" srcset=\"https:\/\/tremp.info\/wp-content\/uploads\/2024\/09\/Cover-2.-Auflage-717x1024.png 717w, https:\/\/tremp.info\/wp-content\/uploads\/2024\/09\/Cover-2.-Auflage-210x300.png 210w, https:\/\/tremp.info\/wp-content\/uploads\/2024\/09\/Cover-2.-Auflage-768x1097.png 768w, https:\/\/tremp.info\/wp-content\/uploads\/2024\/09\/Cover-2.-Auflage.png 827w\" sizes=\"auto, (max-width: 717px) 100vw, 717px\" \/><\/a><\/figure>\n\n\n\n<p>Das Lehrbuch f\u00fchrt schrittweise in die faszinierende Welt der modernen verteilten Softwaresysteme ein.<\/p>\n\n\n\n<p>Dabei beginnt die Reise mit \u00dcberlegungen zu den T\u00e4tigkeiten des Softwarearchitekten. Weiter geht es zur Modellierung von serviceorientierten Mehrschichtenarchitekturen sowie deren technischer Umsetzung in den einzelnen Schichten. Dabei besch\u00e4ftigt sich das Buch mit aktuellen Technologien wie z. B. Microservices, SPA, PWA, node.js, .NET, JEE und vieles mehr. Ausf\u00fchrungen zur organisationsinternen sowie -\u00fcbergreifenden Anwendungsintegration auf der Pr\u00e4sentations-, Applikations- und Datenebene runden die Reise ab.<\/p>\n\n\n\n<p>Ein durchgehendes anschauliches Beispiel zur Illustration der theoretischen Ausf\u00fchrungen sowie fallstudienbezogene Aufgaben bieten die M\u00f6glichkeit der unmittelbaren Anwendung des Gelernten.<\/p>\n\n\n\n<p><strong>Blogbeitr\u00e4ge zum Thema <a href=\"https:\/\/tremp.info\/?tag=verteilte-systeme\" target=\"_blank\" rel=\"noreferrer noopener\">Architekturen Verteilter Softwaresysteme sind hier&#8230;<\/a> <\/strong><\/p>\n\n\n\n<p>Wer das Lehrmittel f\u00fcr den Unterricht einsetzt, kann bei mir (via&nbsp;<a href=\"mailto:hr@tremp.info\">E-Mail\u2026<\/a>) kostenlos den gesamten Foliensatz sowie ein L\u00f6sungsvorschlag der Fallstudie anfordern.  <\/p>\n\n\n\n<p>Die erg\u00e4nzte <strong>Fallstudie Timesoft mit einem L\u00f6sungsvorschlag <\/strong>steht f\u00fcr Dozierende auf der Open Education Platform unter folgendem Link <a href=\"https:\/\/oepms.org\/record\/297\" target=\"_blank\" rel=\"noreferrer noopener\">https:\/\/oepms.org\/record\/297<\/a> frei zur Verf\u00fcgung.<\/p>\n\n\n\n<p><a href=\"https:\/\/link.springer.com\/book\/10.1007\/978-3-658-45192-9\">Link zur Buchseite auf dem Springer Verlag&#8230;<\/a><\/p>\n\n\n\n<p><a href=\"https:\/\/www.librarything.de\/catalog\/hans.rudolf.tremp&amp;tag=IT-Architektur\" target=\"_blank\" rel=\"noreferrer noopener\">Literaturhinweise zum Thema IT-Architektur&#8230;<\/a><\/p>\n\n\n\n<p>Klicken Sie auf \u2192 um auf die entsprechende Linksammlung zu gelangen!<\/p>\n\n\n\n<iframe loading=\"lazy\" style=\"overflow: hidden; margin-bottom: 5px;\" src=\"https:\/\/www.mindmeister.com\/maps\/public_map_shell\/1128091589\/tremp-sche-informatik-linksammlungen?width=600&amp;height=400&amp;z=auto&amp;live_update=1\" width=\"800\" height=\"500\" frameborder=\"0\" scrolling=\"no\">Ihr Browser kann keine Rahmen darstellen. Bitte gehen Sie zu <a href=\"https:\/\/www.mindmeister.com\/1128091589\/tremp-sche-informatik-linksammlungen\" target=\"_blank\" rel=\"noopener noreferrer\">Tremp&#8217;sche Informatik Linksammlungen<\/a> in MindMeister.<\/iframe>\n<div class=\"mb-5\"><a href=\"https:\/\/www.mindmeister.com\/1128091589\/tremp-sche-informatik-linksammlungen\" target=\"_blank\" rel=\"noopener noreferrer\">Tremp&#8217;sche Informatik Linksammlungen<\/a> von <a href=\"https:\/\/www.mindmeister.com\/users\/channel\/159257\" target=\"_blank\" rel=\"noopener noreferrer\">Hansruedi Tremp<\/a><\/div>\n","protected":false},"excerpt":{"rendered":"<p>Lehrbuch \u00abArchitekturen verteilter Softwaresysteme\u00bb 2., erweiterte Auflage SOA, EDA &amp; MicroservicesMehrschichtenarchitekturenAnwendungsintegration Das Lehrbuch f\u00fchrt schrittweise in die faszinierende Welt der modernen verteilten Softwaresysteme ein. Dabei beginnt die Reise mit \u00dcberlegungen zu den T\u00e4tigkeiten des Softwarearchitekten. Weiter geht es zur Modellierung von serviceorientierten Mehrschichtenarchitekturen sowie deren technischer Umsetzung in den einzelnen [&hellip;]<\/p>\n","protected":false},"author":1,"featured_media":0,"parent":0,"menu_order":3,"comment_status":"open","ping_status":"open","template":"","meta":{"footnotes":""},"class_list":["post-222","page","type-page","status-publish","hentry"],"_links":{"self":[{"href":"https:\/\/tremp.info\/index.php?rest_route=\/wp\/v2\/pages\/222","targetHints":{"allow":["GET"]}}],"collection":[{"href":"https:\/\/tremp.info\/index.php?rest_route=\/wp\/v2\/pages"}],"about":[{"href":"https:\/\/tremp.info\/index.php?rest_route=\/wp\/v2\/types\/page"}],"author":[{"embeddable":true,"href":"https:\/\/tremp.info\/index.php?rest_route=\/wp\/v2\/users\/1"}],"replies":[{"embeddable":true,"href":"https:\/\/tremp.info\/index.php?rest_route=%2Fwp%2Fv2%2Fcomments&post=222"}],"version-history":[{"count":52,"href":"https:\/\/tremp.info\/index.php?rest_route=\/wp\/v2\/pages\/222\/revisions"}],"predecessor-version":[{"id":992,"href":"https:\/\/tremp.info\/index.php?rest_route=\/wp\/v2\/pages\/222\/revisions\/992"}],"wp:attachment":[{"href":"https:\/\/tremp.info\/index.php?rest_route=%2Fwp%2Fv2%2Fmedia&parent=222"}],"curies":[{"name":"wp","href":"https:\/\/api.w.org\/{rel}","templated":true}]}}